{"id":5,"date":"2018-09-25T14:00:26","date_gmt":"2018-09-25T14:00:26","guid":{"rendered":"https:\/\/kempischlogistiekcentrum.nl\/?page_id=5"},"modified":"2025-10-21T07:52:23","modified_gmt":"2025-10-21T07:52:23","slug":"home","status":"publish","type":"page","link":"https:\/\/kempischlogistiekcentrum.nl\/","title":{"rendered":"Homepage"},"content":{"rendered":"\t\t<div data-elementor-type=\"wp-page\" data-elementor-id=\"5\" class=\"elementor elementor-5\" data-elementor-settings=\"[]\">\n\t\t\t\t\t\t<div class=\"elementor-inner\">\n\t\t\t\t\t\t\t<div class=\"elementor-section-wrap\">\n\t\t\t\t\t\t\t<section class=\"elementor-section elementor-top-section elementor-element elementor-element-65099ef elementor-section-boxed elementor-section-height-default elementor-section-height-default\" data-id=\"65099ef\" data-element_type=\"section\" data-settings=\"{&quot;background_background&quot;:&quot;classic&quot;}\">\n\t\t\t\t\t\t<div class=\"elementor-container elementor-column-gap-default\">\n\t\t\t\t\t\t\t<div class=\"elementor-row\">\n\t\t\t\t\t<div class=\"elementor-column elementor-col-100 elementor-top-column elementor-element elementor-element-d013763\" data-id=\"d013763\" data-element_type=\"column\">\n\t\t\t<div class=\"elementor-column-wrap elementor-element-populated\">\n\t\t\t\t\t\t\t<div class=\"elementor-widget-wrap\">\n\t\t\t\t\t\t<div class=\"elementor-element elementor-element-3615acf elementor-widget elementor-widget-spacer\" data-id=\"3615acf\" data-element_type=\"widget\" id=\"home\" data-widget_type=\"spacer.default\">\n\t\t\t\t<div class=\"elementor-widget-container\">\n\t\t\t\t\t<div class=\"elementor-spacer\">\n\t\t\t<div class=\"elementor-spacer-inner\"><\/div>\n\t\t<\/div>\n\t\t\t\t<\/div>\n\t\t\t\t<\/div>\n\t\t\t\t<div class=\"elementor-element elementor-element-d2c45a4 elementor-widget elementor-widget-spacer\" data-id=\"d2c45a4\" data-element_type=\"widget\" data-widget_type=\"spacer.default\">\n\t\t\t\t<div class=\"elementor-widget-container\">\n\t\t\t\t\t<div class=\"elementor-spacer\">\n\t\t\t<div class=\"elementor-spacer-inner\"><\/div>\n\t\t<\/div>\n\t\t\t\t<\/div>\n\t\t\t\t<\/div>\n\t\t\t\t\t\t<\/div>\n\t\t\t\t\t<\/div>\n\t\t<\/div>\n\t\t\t\t\t\t\t\t<\/div>\n\t\t\t\t\t<\/div>\n\t\t<\/section>\n\t\t\t\t<section class=\"elementor-section elementor-top-section elementor-element elementor-element-76d85fb elementor-section-boxed elementor-section-height-default elementor-section-height-default\" data-id=\"76d85fb\" data-element_type=\"section\">\n\t\t\t\t\t\t<div class=\"elementor-container elementor-column-gap-default\">\n\t\t\t\t\t\t\t<div class=\"elementor-row\">\n\t\t\t\t\t<div class=\"elementor-column elementor-col-100 elementor-top-column elementor-element elementor-element-7a5aef3\" data-id=\"7a5aef3\" data-element_type=\"column\">\n\t\t\t<div class=\"elementor-column-wrap elementor-element-populated\">\n\t\t\t\t\t\t\t<div class=\"elementor-widget-wrap\">\n\t\t\t\t\t\t<div class=\"elementor-element elementor-element-d245e60 elementor-widget elementor-widget-spacer\" data-id=\"d245e60\" data-element_type=\"widget\" id=\"info\" data-widget_type=\"spacer.default\">\n\t\t\t\t<div class=\"elementor-widget-container\">\n\t\t\t\t\t<div class=\"elementor-spacer\">\n\t\t\t<div class=\"elementor-spacer-inner\"><\/div>\n\t\t<\/div>\n\t\t\t\t<\/div>\n\t\t\t\t<\/div>\n\t\t\t\t<div class=\"elementor-element elementor-element-7a44308 elementor-widget elementor-widget-heading\" data-id=\"7a44308\" data-element_type=\"widget\" data-widget_type=\"heading.default\">\n\t\t\t\t<div class=\"elementor-widget-container\">\n\t\t\t<h2 class=\"elementor-heading-title elementor-size-default\"><p data-start=\"124\" data-end=\"216\"><strong data-start=\"124\" data-end=\"216\">Veilig en comfortabel parkeren voor vrachtwagenchauffeurs aan de Diamantweg 60 in Hapert<\/strong><span style=\"font-size: 2rem;\"><\/span><\/p><\/h2>\t\t<\/div>\n\t\t\t\t<\/div>\n\t\t\t\t<div class=\"elementor-element elementor-element-9af69e6 elementor-widget elementor-widget-text-editor\" data-id=\"9af69e6\" data-element_type=\"widget\" data-widget_type=\"text-editor.default\">\n\t\t\t\t<div class=\"elementor-widget-container\">\n\t\t\t\t\t\t\t\t<div class=\"elementor-text-editor elementor-clearfix\">\n\t\t\t\t<p><b>NL:<\/b> Vrachtwagenchauffeurs die goederen vervoeren, kunnen tegen betaling gebruik maken van de beveiligde vrachtwagenparkeerplaatsen aan de Diamantweg 60 in Hapert. Hierdoor is de kans op ladingdiefstal en inbraken beperkt. De beveiligde parkeerplaatsen bieden de chauffeur naast veiligheid ook comfort.&nbsp; De veiligheid op de weg en in de wijken neemt hierdoor toe. Vrachtwagenchauffeurs gaan beter uitgerust de weg op en parkeren veel minder vaak noodgedwongen op vluchtstroken, op- en afritten, bedrijventerreinen of in woonwijken.&nbsp;Betaalbaar, betrouwbaar en vooral: veilig.<\/p>\n<p><b>EN:&nbsp;<\/b>Are you a truck driver looking for a secure place to park your truck and cargo? Our secured truck parking at Diamantweg 60 in Hapert prioritizes safety and comfort. By choosing our parking facility, you significantly reduce the risk of cargo theft and break-ins. Additionally, you contribute to a safer environment both on the road and in the neighborhood. This way, you can continue your journey well-rested and worry-free, without having to park in unsafe locations such as emergency lanes, ramps, industrial areas, or residential streets. Affordable, reliable, and above all: secure.<\/p>\n<p><b>PL:<\/b>&nbsp;Jeste\u015b kierowc\u0105 ci\u0119\u017car\u00f3wki i szukasz bezpiecznego miejsca do zaparkowania swojego pojazdu i \u0142adunku? Nasz zabezpieczony parking dla ci\u0119\u017car\u00f3wek przy ulicy Diamantweg 60 w Hapert stawia na bezpiecze\u0144stwo i komfort. Wybieraj\u0105c nasz parking, znacznie zmniejszasz ryzyko kradzie\u017cy \u0142adunku i w\u0142ama\u0144. Dodatkowo przyczyniasz si\u0119 do zwi\u0119kszenia bezpiecze\u0144stwa na drodze i w okolicy. Dzi\u0119ki temu mo\u017cesz kontynuowa\u0107 swoj\u0105 podr\u00f3\u017c wypocz\u0119ty i bez obaw, bez konieczno\u015bci parkowania w niebezpiecznych miejscach, takich jak pasy awaryjne, zjazdy, tereny przemys\u0142owe czy ulice mieszkalne. Przyst\u0119pne cenowo, niezawodne i przede wszystkim: bezpieczne.<\/p>\n<p><b>DE:&nbsp;<\/b>Sind Sie Lkw-Fahrer und suchen einen sicheren Parkplatz f\u00fcr Ihren Lkw und Ihre Ladung? Unser gesicherter Lkw-Parkplatz am Diamantweg 60 in Hapert legt gro\u00dfen Wert auf Sicherheit und Komfort. Wenn Sie unseren Parkplatz w\u00e4hlen, reduzieren Sie das Risiko von Ladungsdiebstahl und Einbr\u00fcchen erheblich. Zudem tragen Sie zu mehr Sicherheit auf der Stra\u00dfe und in der Nachbarschaft bei. So k\u00f6nnen Sie ausgeruht und sorgenfrei Ihre Fahrt fortsetzen, ohne gezwungen zu sein, an unsicheren Orten wie dem Standstreifen, Auffahrten, Industriegebieten oder Wohnstra\u00dfen zu parken. Preiswert, zuverl\u00e4ssig und vor allem sicher.<\/p>\n<p>FR:&nbsp;Vous \u00eates chauffeur routier et cherchez un endroit s\u00fbr pour garer votre camion et votre cargaison ? Notre parking s\u00e9curis\u00e9 pour poids lourds situ\u00e9 au 60, Diamantweg \u00e0 Hapert, met la s\u00e9curit\u00e9 et le confort au c\u0153ur de ses priorit\u00e9s. En choisissant notre parking, vous r\u00e9duisez consid\u00e9rablement le risque de vol de marchandises et d\u2019effractions. Vous contribuez \u00e9galement \u00e0 un environnement plus s\u00fbr, tant sur la route que dans le quartier. Ainsi, vous pouvez poursuivre votre trajet repos\u00e9 et en toute s\u00e9r\u00e9nit\u00e9, sans \u00eatre contraint de stationner dans des endroits dangereux comme les bandes d\u2019arr\u00eat d\u2019urgence, les bretelles d\u2019acc\u00e8s, les zones industrielles ou les quartiers r\u00e9sidentiels. Abordable, fiable et surtout : s\u00e9curis\u00e9.<\/p>\t\t\t\t\t<\/div>\n\t\t\t\t\t\t<\/div>\n\t\t\t\t<\/div>\n\t\t\t\t<div class=\"elementor-element elementor-element-bc4342d elementor-widget elementor-widget-image\" data-id=\"bc4342d\" data-element_type=\"widget\" data-widget_type=\"image.default\">\n\t\t\t\t<div class=\"elementor-widget-container\">\n\t\t\t\t\t\t\t\t<div class=\"elementor-image\">\n\t\t\t\t\t\t\t\t\t\t\t\t<img width=\"480\" height=\"300\" src=\"https:\/\/kempischlogistiekcentrum.nl\/wp-content\/uploads\/2025\/09\/Vrachtwagen-480x300.jpg\" class=\"attachment-onepress-small size-onepress-small\" alt=\"\" loading=\"lazy\" srcset=\"https:\/\/kempischlogistiekcentrum.nl\/wp-content\/uploads\/2025\/09\/Vrachtwagen-480x300.jpg 480w, https:\/\/kempischlogistiekcentrum.nl\/wp-content\/uploads\/2025\/09\/Vrachtwagen-640x400.jpg 640w\" sizes=\"(max-width: 480px) 100vw, 480px\" \/>\t\t\t\t\t\t\t\t\t\t\t\t\t\t<\/div>\n\t\t\t\t\t\t<\/div>\n\t\t\t\t<\/div>\n\t\t\t\t\t\t<\/div>\n\t\t\t\t\t<\/div>\n\t\t<\/div>\n\t\t\t\t\t\t\t\t<\/div>\n\t\t\t\t\t<\/div>\n\t\t<\/section>\n\t\t\t\t<section class=\"elementor-section elementor-top-section elementor-element elementor-element-9cac3be elementor-section-boxed elementor-section-height-default elementor-section-height-default\" data-id=\"9cac3be\" data-element_type=\"section\">\n\t\t\t\t\t\t<div class=\"elementor-container elementor-column-gap-default\">\n\t\t\t\t\t\t\t<div class=\"elementor-row\">\n\t\t\t\t\t<div class=\"elementor-column elementor-col-100 elementor-top-column elementor-element elementor-element-5069dbf\" data-id=\"5069dbf\" data-element_type=\"column\">\n\t\t\t<div class=\"elementor-column-wrap elementor-element-populated\">\n\t\t\t\t\t\t\t<div class=\"elementor-widget-wrap\">\n\t\t\t\t\t\t<div class=\"elementor-element elementor-element-ee87075 elementor-widget elementor-widget-spacer\" data-id=\"ee87075\" data-element_type=\"widget\" id=\"contact\" data-widget_type=\"spacer.default\">\n\t\t\t\t<div class=\"elementor-widget-container\">\n\t\t\t\t\t<div class=\"elementor-spacer\">\n\t\t\t<div class=\"elementor-spacer-inner\"><\/div>\n\t\t<\/div>\n\t\t\t\t<\/div>\n\t\t\t\t<\/div>\n\t\t\t\t<div class=\"elementor-element elementor-element-05fefeb elementor-widget elementor-widget-image\" data-id=\"05fefeb\" data-element_type=\"widget\" data-widget_type=\"image.default\">\n\t\t\t\t<div class=\"elementor-widget-container\">\n\t\t\t\t\t\t\t\t<div class=\"elementor-image\">\n\t\t\t\t\t\t\t\t\t\t\t\t<img width=\"800\" height=\"600\" src=\"https:\/\/kempischlogistiekcentrum.nl\/wp-content\/uploads\/2025\/10\/Secured-parking-Diamantweg-te-Hapert-1024x768.jpg\" class=\"attachment-large size-large\" alt=\"\" loading=\"lazy\" srcset=\"https:\/\/kempischlogistiekcentrum.nl\/wp-content\/uploads\/2025\/10\/Secured-parking-Diamantweg-te-Hapert-1024x768.jpg 1024w, https:\/\/kempischlogistiekcentrum.nl\/wp-content\/uploads\/2025\/10\/Secured-parking-Diamantweg-te-Hapert-300x225.jpg 300w, https:\/\/kempischlogistiekcentrum.nl\/wp-content\/uploads\/2025\/10\/Secured-parking-Diamantweg-te-Hapert-768x576.jpg 768w, https:\/\/kempischlogistiekcentrum.nl\/wp-content\/uploads\/2025\/10\/Secured-parking-Diamantweg-te-Hapert-1536x1152.jpg 1536w, https:\/\/kempischlogistiekcentrum.nl\/wp-content\/uploads\/2025\/10\/Secured-parking-Diamantweg-te-Hapert-2048x1536.jpg 2048w\" sizes=\"(max-width: 800px) 100vw, 800px\" \/>\t\t\t\t\t\t\t\t\t\t\t\t\t\t<\/div>\n\t\t\t\t\t\t<\/div>\n\t\t\t\t<\/div>\n\t\t\t\t<div class=\"elementor-element elementor-element-78798fe elementor-widget elementor-widget-heading\" data-id=\"78798fe\" data-element_type=\"widget\" data-widget_type=\"heading.default\">\n\t\t\t\t<div class=\"elementor-widget-container\">\n\t\t\t<h2 class=\"elementor-heading-title elementor-size-default\">CONTACT<\/h2>\t\t<\/div>\n\t\t\t\t<\/div>\n\t\t\t\t<div class=\"elementor-element elementor-element-65cd08f elementor-widget elementor-widget-spacer\" data-id=\"65cd08f\" data-element_type=\"widget\" data-widget_type=\"spacer.default\">\n\t\t\t\t<div class=\"elementor-widget-container\">\n\t\t\t\t\t<div class=\"elementor-spacer\">\n\t\t\t<div class=\"elementor-spacer-inner\"><\/div>\n\t\t<\/div>\n\t\t\t\t<\/div>\n\t\t\t\t<\/div>\n\t\t\t\t\t\t<\/div>\n\t\t\t\t\t<\/div>\n\t\t<\/div>\n\t\t\t\t\t\t\t\t<\/div>\n\t\t\t\t\t<\/div>\n\t\t<\/section>\n\t\t\t\t<section class=\"elementor-section elementor-top-section elementor-element elementor-element-d8e1422 elementor-section-boxed elementor-section-height-default elementor-section-height-default\" data-id=\"d8e1422\" data-element_type=\"section\">\n\t\t\t\t\t\t<div class=\"elementor-container elementor-column-gap-default\">\n\t\t\t\t\t\t\t<div class=\"elementor-row\">\n\t\t\t\t\t<div class=\"elementor-column elementor-col-50 elementor-top-column elementor-element elementor-element-a7c6c43\" data-id=\"a7c6c43\" data-element_type=\"column\">\n\t\t\t<div class=\"elementor-column-wrap elementor-element-populated\">\n\t\t\t\t\t\t\t<div class=\"elementor-widget-wrap\">\n\t\t\t\t\t\t<div class=\"elementor-element elementor-element-47f5a15 elementor-widget elementor-widget-image\" data-id=\"47f5a15\" data-element_type=\"widget\" data-widget_type=\"image.default\">\n\t\t\t\t<div class=\"elementor-widget-container\">\n\t\t\t\t\t\t\t\t<div class=\"elementor-image\">\n\t\t\t\t\t\t\t\t\t\t\t\t<img width=\"640\" height=\"633\" src=\"https:\/\/kempischlogistiekcentrum.nl\/wp-content\/uploads\/2025\/09\/Luchtfoto.jpg\" class=\"attachment-large size-large\" alt=\"\" loading=\"lazy\" srcset=\"https:\/\/kempischlogistiekcentrum.nl\/wp-content\/uploads\/2025\/09\/Luchtfoto.jpg 640w, https:\/\/kempischlogistiekcentrum.nl\/wp-content\/uploads\/2025\/09\/Luchtfoto-300x297.jpg 300w\" sizes=\"(max-width: 640px) 100vw, 640px\" \/>\t\t\t\t\t\t\t\t\t\t\t\t\t\t<\/div>\n\t\t\t\t\t\t<\/div>\n\t\t\t\t<\/div>\n\t\t\t\t<div class=\"elementor-element elementor-element-613c6e7 elementor-widget elementor-widget-image\" data-id=\"613c6e7\" data-element_type=\"widget\" data-widget_type=\"image.default\">\n\t\t\t\t<div class=\"elementor-widget-container\">\n\t\t\t\t\t\t\t\t<div class=\"elementor-image\">\n\t\t\t\t\t\t\t\t\t\t\t\t<img width=\"800\" height=\"600\" src=\"https:\/\/kempischlogistiekcentrum.nl\/wp-content\/uploads\/2025\/10\/Secured-parking-Diamantweg-Hapert-1024x768.jpg\" class=\"attachment-large size-large\" alt=\"\" loading=\"lazy\" srcset=\"https:\/\/kempischlogistiekcentrum.nl\/wp-content\/uploads\/2025\/10\/Secured-parking-Diamantweg-Hapert-1024x768.jpg 1024w, https:\/\/kempischlogistiekcentrum.nl\/wp-content\/uploads\/2025\/10\/Secured-parking-Diamantweg-Hapert-300x225.jpg 300w, https:\/\/kempischlogistiekcentrum.nl\/wp-content\/uploads\/2025\/10\/Secured-parking-Diamantweg-Hapert-768x576.jpg 768w, https:\/\/kempischlogistiekcentrum.nl\/wp-content\/uploads\/2025\/10\/Secured-parking-Diamantweg-Hapert-1536x1152.jpg 1536w, https:\/\/kempischlogistiekcentrum.nl\/wp-content\/uploads\/2025\/10\/Secured-parking-Diamantweg-Hapert-2048x1536.jpg 2048w\" sizes=\"(max-width: 800px) 100vw, 800px\" \/>\t\t\t\t\t\t\t\t\t\t\t\t\t\t<\/div>\n\t\t\t\t\t\t<\/div>\n\t\t\t\t<\/div>\n\t\t\t\t\t\t<\/div>\n\t\t\t\t\t<\/div>\n\t\t<\/div>\n\t\t\t\t<div class=\"elementor-column elementor-col-50 elementor-top-column elementor-element elementor-element-69ba433\" data-id=\"69ba433\" data-element_type=\"column\">\n\t\t\t<div class=\"elementor-column-wrap elementor-element-populated\">\n\t\t\t\t\t\t\t<div class=\"elementor-widget-wrap\">\n\t\t\t\t\t\t<div class=\"elementor-element elementor-element-489054f elementor-widget elementor-widget-shortcode\" data-id=\"489054f\" data-element_type=\"widget\" data-widget_type=\"shortcode.default\">\n\t\t\t\t<div class=\"elementor-widget-container\">\n\t\t\t\t\t<div class=\"elementor-shortcode\"><div role=\"form\" class=\"wpcf7\" id=\"wpcf7-f16-o1\" lang=\"nl-BE\" dir=\"ltr\">\n<div class=\"screen-reader-response\"><\/div>\n<form action=\"\/index.php?rest_route=%2Fwp%2Fv2%2Fpages%2F5#wpcf7-f16-o1\" method=\"post\" class=\"wpcf7-form\" novalidate=\"novalidate\">\n<div style=\"display: none;\">\n<input type=\"hidden\" name=\"_wpcf7\" value=\"16\" \/>\n<input type=\"hidden\" name=\"_wpcf7_version\" value=\"5.1.6\" \/>\n<input type=\"hidden\" name=\"_wpcf7_locale\" value=\"nl_BE\" \/>\n<input type=\"hidden\" name=\"_wpcf7_unit_tag\" value=\"wpcf7-f16-o1\" \/>\n<input type=\"hidden\" name=\"_wpcf7_container_post\" value=\"0\" \/>\n<\/div>\n<p><label> Je naam (verplicht)<br \/>\n    <span class=\"wpcf7-form-control-wrap your-name\"><input type=\"text\" name=\"your-name\" value=\"\" size=\"40\" class=\"wpcf7-form-control wpcf7-text wpcf7-validates-as-required\" aria-required=\"true\" aria-invalid=\"false\" \/><\/span> <\/label><\/p>\n<p><label> Je e-mail (verplicht)<br \/>\n    <span class=\"wpcf7-form-control-wrap your-email\"><input type=\"email\" name=\"your-email\" value=\"\" size=\"40\" class=\"wpcf7-form-control wpcf7-text wpcf7-email wpcf7-validates-as-required wpcf7-validates-as-email\" aria-required=\"true\" aria-invalid=\"false\" \/><\/span> <\/label><\/p>\n<p><label> Onderwerp<br \/>\n    <span class=\"wpcf7-form-control-wrap your-subject\"><input type=\"text\" name=\"your-subject\" value=\"\" size=\"40\" class=\"wpcf7-form-control wpcf7-text\" aria-invalid=\"false\" \/><\/span> <\/label><\/p>\n<p><label> Je bericht<br \/>\n    <span class=\"wpcf7-form-control-wrap your-message\"><textarea name=\"your-message\" cols=\"40\" rows=\"10\" class=\"wpcf7-form-control wpcf7-textarea\" aria-invalid=\"false\"><\/textarea><\/span> <\/label><\/p>\n<p><input type=\"submit\" value=\"Verzenden\" class=\"wpcf7-form-control wpcf7-submit\" \/><\/p>\n<div class=\"wpcf7-response-output wpcf7-display-none\"><\/div><\/form><\/div><\/div>\n\t\t\t\t<\/div>\n\t\t\t\t<\/div>\n\t\t\t\t<div class=\"elementor-element elementor-element-d750d7b elementor-widget elementor-widget-text-editor\" data-id=\"d750d7b\" data-element_type=\"widget\" data-widget_type=\"text-editor.default\">\n\t\t\t\t<div class=\"elementor-widget-container\">\n\t\t\t\t\t\t\t\t<div class=\"elementor-text-editor elementor-clearfix\">\n\t\t\t\t<p><strong>Navigation Address:<br \/><\/strong><br \/>Secured Parking<br \/>Diamantweg 60<br \/>5527 LC Hapert<br \/>The Netherlands<\/p><p><strong>Office Address:<\/strong><\/p><p>Kempisch Logistiek Centrum B.V. <br \/>Smaragdweg 60 <br \/>5527 LB Hapert <br \/>P: 0031-497-339773<\/p>\t\t\t\t\t<\/div>\n\t\t\t\t\t\t<\/div>\n\t\t\t\t<\/div>\n\t\t\t\t<div class=\"elementor-element elementor-element-fbfd29f elementor-widget elementor-widget-spacer\" data-id=\"fbfd29f\" data-element_type=\"widget\" data-widget_type=\"spacer.default\">\n\t\t\t\t<div class=\"elementor-widget-container\">\n\t\t\t\t\t<div class=\"elementor-spacer\">\n\t\t\t<div class=\"elementor-spacer-inner\"><\/div>\n\t\t<\/div>\n\t\t\t\t<\/div>\n\t\t\t\t<\/div>\n\t\t\t\t\t\t<\/div>\n\t\t\t\t\t<\/div>\n\t\t<\/div>\n\t\t\t\t\t\t\t\t<\/div>\n\t\t\t\t\t<\/div>\n\t\t<\/section>\n\t\t\t\t<section class=\"elementor-section elementor-top-section elementor-element elementor-element-5a4fd46 elementor-section-boxed elementor-section-height-default elementor-section-height-default\" data-id=\"5a4fd46\" data-element_type=\"section\">\n\t\t\t\t\t\t<div class=\"elementor-container elementor-column-gap-default\">\n\t\t\t\t\t\t\t<div class=\"elementor-row\">\n\t\t\t\t\t<div class=\"elementor-column elementor-col-100 elementor-top-column elementor-element elementor-element-39ab424\" data-id=\"39ab424\" data-element_type=\"column\">\n\t\t\t<div class=\"elementor-column-wrap elementor-element-populated\">\n\t\t\t\t\t\t\t<div class=\"elementor-widget-wrap\">\n\t\t\t\t\t\t<div class=\"elementor-element elementor-element-ab47e84 elementor-widget elementor-widget-google_maps\" data-id=\"ab47e84\" data-element_type=\"widget\" data-widget_type=\"google_maps.default\">\n\t\t\t\t<div class=\"elementor-widget-container\">\n\t\t\t\t\t<div class=\"elementor-custom-embed\">\n\t\t\t<iframe frameborder=\"0\" scrolling=\"no\" marginheight=\"0\" marginwidth=\"0\"\n\t\t\t\t\tsrc=\"https:\/\/maps.google.com\/maps?q=Diamantweg%2060%20Hapert&#038;t=m&#038;z=14&#038;output=embed&#038;iwloc=near\"\n\t\t\t\t\ttitle=\"Diamantweg 60 Hapert\"\n\t\t\t\t\taria-label=\"Diamantweg 60 Hapert\"\n\t\t\t><\/iframe>\n\t\t<\/div>\n\t\t\t\t<\/div>\n\t\t\t\t<\/div>\n\t\t\t\t\t\t<\/div>\n\t\t\t\t\t<\/div>\n\t\t<\/div>\n\t\t\t\t\t\t\t\t<\/div>\n\t\t\t\t\t<\/div>\n\t\t<\/section>\n\t\t\t\t\t\t<\/div>\n\t\t\t\t\t\t<\/div>\n\t\t\t\t\t<\/div>\n\t\t","protected":false},"excerpt":{"rendered":"<p>Veilig en comfortabel parkeren voor vrachtwagenchauffeurs aan de Diamantweg 60 in Hapert NL: Vrachtwagenchauffeurs die goederen vervoeren, kunnen tegen betaling gebruik maken van de beveiligde vrachtwagenparkeerplaatsen aan de Diamantweg 60 &#8230;<\/p>\n","protected":false},"author":1,"featured_media":0,"parent":0,"menu_order":0,"comment_status":"closed","ping_status":"closed","template":"elementor_header_footer","meta":[],"_links":{"self":[{"href":"https:\/\/kempischlogistiekcentrum.nl\/index.php?rest_route=\/wp\/v2\/pages\/5"}],"collection":[{"href":"https:\/\/kempischlogistiekcentrum.nl\/index.php?rest_route=\/wp\/v2\/pages"}],"about":[{"href":"https:\/\/kempischlogistiekcentrum.nl\/index.php?rest_route=\/wp\/v2\/types\/page"}],"author":[{"embeddable":true,"href":"https:\/\/kempischlogistiekcentrum.nl\/index.php?rest_route=\/wp\/v2\/users\/1"}],"replies":[{"embeddable":true,"href":"https:\/\/kempischlogistiekcentrum.nl\/index.php?rest_route=%2Fwp%2Fv2%2Fcomments&post=5"}],"version-history":[{"count":47,"href":"https:\/\/kempischlogistiekcentrum.nl\/index.php?rest_route=\/wp\/v2\/pages\/5\/revisions"}],"predecessor-version":[{"id":165,"href":"https:\/\/kempischlogistiekcentrum.nl\/index.php?rest_route=\/wp\/v2\/pages\/5\/revisions\/165"}],"wp:attachment":[{"href":"https:\/\/kempischlogistiekcentrum.nl\/index.php?rest_route=%2Fwp%2Fv2%2Fmedia&parent=5"}],"curies":[{"name":"wp","href":"https:\/\/api.w.org\/{rel}","templated":true}]}}